{"id":175,"date":"2017-06-20T10:27:53","date_gmt":"2017-06-20T10:27:53","guid":{"rendered":""},"modified":"2017-06-21T08:44:07","modified_gmt":"2017-06-21T06:44:07","slug":"agb","status":"publish","type":"page","link":"http:\/\/www.langone.ch\/index.php\/agb\/","title":{"rendered":"AGB"},"content":{"rendered":"<p><strong>Allgemeine Gesch\u00e4ftsbedingungen (AGB) von langone.ch<\/strong><\/p>\n<h1><span style=\"font-family: helvetica, arial, sans-serif; font-size: 12pt;\"><strong>1.\u00a0\u00a0\u00a0\u00a0\u00a0 <\/strong>Geltungsbereich<\/span><\/h1>\n<p><span style=\"font-family: helvetica, arial, sans-serif; font-size: 10pt;\"><strong>F\u00fcr die Nutzung dieser Webseite sowie die Gesch\u00e4ftsbeziehungen zwischen langone.ch, Bettwilerstrasse 18, 5614 Sarmenstorf und ihren Kunden gelten die nachfolgenden Allgemeinen Gesch\u00e4ftsbedingungen (AGB) in der bei Aufruf der Webseite bzw. bei Warenbestellung aktuell abrufbaren und g\u00fcltigen Fassung. Das Angebot auf dieser Webseite richtet sich ausschliesslich an Kunden mit Schweizer Wohnsitz.<\/strong><\/span><\/p>\n<p><span style=\"font-family: helvetica, arial, sans-serif; font-size: 10pt;\">Als Kunde wird jede nat\u00fcrliche und juristische Person bezeichnet, welche mit <strong>langone.ch\u00a0<\/strong>gesch\u00e4ftliche Beziehungen pflegt. <strong>Die AGB, die Liefer- und Zahlungsbedingungen sowie die Datenschutzbestimmungen k\u00f6nnen von Zeit zu Zeit Anpassungen erfahren. langone.ch bittet, diese Bestimmungen bei jedem Besuch der Webseite und bei jeder Warenbestellung aufmerksam durchzulesen. <\/strong><\/span><\/p>\n<p><span style=\"font-family: helvetica, arial, sans-serif; font-size: 10pt;\"><strong>Diese AGB gelten ausschliesslich. Entgegenstehende, erg\u00e4nzende oder von diesen AGB abweichende Bedingungen bed\u00fcrfen zur ihrer Geltung der ausdr\u00fccklichen schriftlichen Best\u00e4tigung durch langone.ch. Der Kunde best\u00e4tigt bei der Nutzung dieser Webseite bzw. bei einer Warenbestellung diese AGB einschliesslich Liefer- und Zahlungsbedingungen umfassend anzuerkennen. <\/strong><\/span><\/p>\n<p><span style=\"font-family: helvetica, arial, sans-serif; font-size: 10pt;\">Sollten sich einzelne Bestimmungen dieser AGB als unwirksam oder undurchf\u00fchrbar erweisen oder unwirksam oder undurchf\u00fchrbar werden, so bleibt dadurch die Wirksamkeit der \u00fcbrigen Bestimmungen unber\u00fchrt.<\/span><\/p>\n<p><span style=\"font-family: helvetica, arial, sans-serif; font-size: 10pt;\"><strong>Der Betreiber dieses Internetauftritts ist langone.ch \u00a0 \u00a0<a href=\"http:\/\/www.langone.ch\/index.php\/impressum\/\">Link Impressum<\/a><\/strong><\/span><\/p>\n<h1><span style=\"font-family: helvetica, arial, sans-serif; font-size: 12pt;\"><strong>2.\u00a0\u00a0\u00a0\u00a0\u00a0 <\/strong><strong>Informationen auf dieser Webseite<\/strong><\/span><\/h1>\n<p><span style=\"font-family: helvetica, arial, sans-serif; font-size: 10pt;\"><strong>langone.ch beinhaltet <\/strong>Informationen \u00fcber Produkte und Dienstleistungen. Preis- und Sortiments\u00e4nderungen sowie technische \u00c4nderungen bleiben vorbehalten. Alle Angaben auf www.langone.ch (Produktbeschreibungen, Abbildungen, Filme, Masse, Gewichte, technische Spezifikationen, Zubeh\u00f6rbeziehungen und sonstige Angaben) sind nur als N\u00e4herungswerte zu verstehen und stellen insbesondere keine Zusicherung von Eigenschaften oder Garantien dar, ausser es ist explizit anders vermerkt. <strong>langone.ch\u00a0<\/strong>bem\u00fcht sich, s\u00e4mtliche Angaben und Informationen auf dieser Webseite korrekt, vollst\u00e4ndig, aktuell und \u00fcbersichtlich bereitzustellen, jedoch kann <strong>langone.ch\u00a0<\/strong>weder ausdr\u00fccklich noch stillschweigend daf\u00fcr Gew\u00e4hr leisten.<\/span><\/p>\n<p><span style=\"font-family: helvetica, arial, sans-serif; font-size: 10pt;\">S\u00e4mtliche Angebote auf dieser Webseite gelten als freibleibend und sind nicht als verbindliche Offerte zu verstehen.<\/span><\/p>\n<p><span style=\"font-family: helvetica, arial, sans-serif; font-size: 10pt;\">langone.ch kann keine Garantie abgeben, dass die aufgef\u00fchrten Produkte zum Zeitpunkt der Bestellung verf\u00fcgbar sind. Daher sind alle Angaben zu Verf\u00fcgbarkeit und Lieferzeiten ohne Gew\u00e4hr und k\u00f6nnen sich jederzeit und ohne Ank\u00fcndigung \u00e4ndern.<\/span><\/p>\n<h1><span style=\"font-family: helvetica, arial, sans-serif; font-size: 12pt;\"><strong>3.\u00a0\u00a0\u00a0\u00a0\u00a0 <\/strong><strong>Preise <\/strong><\/span><\/h1>\n<p><span style=\"font-family: helvetica, arial, sans-serif; font-size: 10pt;\">Die Preisangaben von langone.ch beinhalten, wenn nicht anders vermerkt, die gesetzliche Mehrwertsteuer, allf\u00e4llige vorgezogene Recyclinggeb\u00fchren (VRG) und Urheberrechtsabgaben bei Elektronikger\u00e4ten. Die Preise verstehen sich rein netto in Schweizer Franken (CHF).<\/span><\/p>\n<p><span style=\"font-family: helvetica, arial, sans-serif; font-size: 10pt;\">Allf\u00e4llige Versandkosten werden, wo nicht anders vorgesehen, zus\u00e4tzlich verrechnet und sind durch den Kunden zu bezahlen. Versandkosten werden im Bestellprozess separat ausgewiesen.<\/span><\/p>\n<p><span style=\"font-family: helvetica, arial, sans-serif; font-size: 10pt;\">Technische \u00c4nderungen, Irrt\u00fcmer und Druckfehler bleiben vorbehalten, insbesondere kann langone.ch Preis\u00e4nderungen jederzeit und ohne Vorank\u00fcndigungen vornehmen. In den Verkaufspreisen sind keine Beratungs- und Supportdienstleistungen inbegriffen.<\/span><\/p>\n<h1><span style=\"font-family: helvetica, arial, sans-serif; font-size: 12pt;\"><strong>4.\u00a0\u00a0\u00a0\u00a0\u00a0 <\/strong><strong>Vertragsabschluss <\/strong><\/span><\/h1>\n<p><span style=\"font-family: helvetica, arial, sans-serif; font-size: 10pt;\">Die Angebote auf dieser Webseite stellen eine unverbindliche Aufforderung an den Kunden dar, bei langone.ch Produkte und\/oder Dienstleistungen zu bestellen. Mit der Bestellung \u00fcber diese Webseite inklusive der Annahme dieser AGB gibt der Kunde ein rechtlich verbindliches Angebot zum Vertragsabschluss ab. langone.ch versendet daraufhin eine automatische \u201eBestellbest\u00e4tigung\u201c per Email, welche best\u00e4tigt, dass das Angebot des Kunden bei langone.ch eingegangen ist. Get\u00e4tigte Bestellungen sind f\u00fcr den Kunden verbindlich. Wo nicht anders vermerkt, gibt es kein R\u00fcckgabe- bzw. R\u00fccktrittsrecht.<\/span><\/p>\n<p><span style=\"font-family: helvetica, arial, sans-serif; font-size: 10pt;\">Der Vertrag kommt zustande, sobald langone.ch eine Annahmeerkl\u00e4rung per Email versendet, worin der Versand der bestellten Produkte oder Dienstleistungen best\u00e4tigt wird.<\/span><\/p>\n<p><span style=\"font-family: helvetica, arial, sans-serif; font-size: 10pt;\">Bestellungen werden erst nach vollst\u00e4ndigem Zahlungseingang \u00a0und sofern die Waren verf\u00fcgbar sind, ausgeliefert. Ergibt sich nach Abschluss des Vertrages, dass die bestellte Waren nicht oder nicht vollst\u00e4ndig geliefert werden k\u00f6nnen, ist langone.ch berechtigt, vom gesamten Vertrag oder von einem Vertragsteil zur\u00fcckzutreten. Sollte die Zahlung des Kunden bereits bei langone.ch eingegangen sein, wird die Zahlung dem Kunden zur\u00fcckerstattet. Ist noch keine Zahlung erfolgt, wird der Kunde von der Zahlungspflicht befreit. langone.ch ist im Falle einer Vertragsaufl\u00f6sung zu keiner Ersatzlieferung verpflichtet.<\/span><\/p>\n<h1><span style=\"font-family: helvetica, arial, sans-serif; font-size: 12pt;\"><strong>5.\u00a0\u00a0\u00a0\u00a0\u00a0 <\/strong><strong>Zahlungsm\u00f6glichkeiten und Eigentumsvorbehalt <\/strong><\/span><\/h1>\n<p><span style=\"font-family: helvetica, arial, sans-serif; font-size: 10pt;\">Dem Kunden stehen die im Bestellvorgang angegebenen Zahlungsm\u00f6glichkeiten zur Verf\u00fcgung.<\/span><\/p>\n<p><span style=\"font-family: helvetica, arial, sans-serif; font-size: 10pt;\">langone.ch beh\u00e4lt sich das Recht vor, Kunden ohne Angabe von Gr\u00fcnden von einzelnen Zahlungsm\u00f6glichkeiten auszuschliessen oder auf Vorauskasse zu bestehen.<\/span><\/p>\n<p><span style=\"font-family: helvetica, arial, sans-serif; font-size: 10pt;\">langone.ch kann bei Zahlungsverzug des Kunden Verzugszinsen von 5% pro Jahr sowie eine Mahngeb\u00fchr von maximal CHF 20.- pro Mahnung erheben.<\/span><\/p>\n<p><span style=\"font-family: helvetica, arial, sans-serif; font-size: 10pt;\">Die dem Kunden gelieferten Produkte bleiben bis zur vollst\u00e4ndigen Bezahlung im Eigentum von langone.ch.<\/span><\/p>\n<h1><span style=\"font-family: helvetica, arial, sans-serif; font-size: 12pt;\"><strong>6.\u00a0\u00a0\u00a0\u00a0\u00a0 <\/strong><strong>Lieferung, Pr\u00fcfpflicht, M\u00e4ngelr\u00fcge und R\u00fccksendung<\/strong><\/span><\/h1>\n<p><span style=\"font-family: helvetica, arial, sans-serif; font-size: 10pt;\">Die Lieferungen werden per Post oder Kurierdienst an die vom Kunden in der Bestellung angegebene Adresse versandt. Die Rechnungsstellung erfolgt per Email oder auf dem Postweg. Mit dem Versand gehen Nutzen und Gefahr auf den Kunden \u00fcber, soweit dies gesetzlich zul\u00e4ssig ist.<\/span><\/p>\n<p><span style=\"font-family: helvetica, arial, sans-serif; font-size: 10pt;\">Ist die Lieferung nicht zustellbar oder verweigert der Kunde die Annahme der Lieferung, kann langone.ch den Vertrag nach einer R\u00fcge-Mitteilung per Email an den Kunden und unter Ansetzung einer angemessenen Frist aufl\u00f6sen sowie die Kosten f\u00fcr die Umtriebe in Rechnung stellen.<\/span><\/p>\n<p><span style=\"font-family: helvetica, arial, sans-serif; font-size: 10pt;\">Der Kunde ist verpflichtet, die gelieferten Waren sofort nach Eingang der Lieferung zu pr\u00fcfen und allf\u00e4llige M\u00e4ngel, f\u00fcr die langone.ch Gew\u00e4hr leistet, unverz\u00fcglich schriftlich per Brief oder Email an die Adresse im Impressum Anzeige zu machen.<\/span><\/p>\n<p><span style=\"font-family: helvetica, arial, sans-serif; font-size: 10pt;\">R\u00fccksendungen an langone.ch erfolgen auf Rechnung und Gefahr des Kunden. Der Kunde hat die Waren originalverpackt, komplett mit allem Zubeh\u00f6r und zusammen mit dem Lieferschein und einer ausf\u00fchrlichen Beschreibung der M\u00e4ngel an die von langone.ch angegebene R\u00fccksendeadresse im Impressum zu schicken.<\/span><\/p>\n<p><span style=\"font-family: helvetica, arial, sans-serif; font-size: 10pt;\">Ergibt sich bei der Pr\u00fcfung durch langone.ch, dass die Waren keine feststellbaren M\u00e4ngel aufweisen oder diese nicht unter die Garantie des Herstellers fallen, kann langone.ch die Umtriebe, die R\u00fccksendung oder die allf\u00e4llige Entsorgung dem Kunden in Rechnung stellen.<\/span><\/p>\n<h1><span style=\"font-family: helvetica, arial, sans-serif; font-size: 12pt;\"><strong>7.\u00a0\u00a0\u00a0\u00a0\u00a0 <\/strong><strong>Widerrufsrecht<\/strong><\/span><\/h1>\n<p><span style=\"font-family: helvetica, arial, sans-serif; font-size: 10pt;\">Dem Kunden wird w\u00e4hrend 10 Kalendertagen nach Erhalt der Ware ein Widerrufsrecht gew\u00e4hrt. Die Frist gilt als eingehalten, wenn der Kunde den schriftlichen Widerruf per Email an info@langone.ch oder Brief (Adresse im Impressum) innerhalb der Frist an langone.ch abschickt. Der Widerruf bedarf keiner Begr\u00fcndung.<\/span><\/p>\n<p><span style=\"font-family: helvetica, arial, sans-serif; font-size: 10pt;\">Die Aus\u00fcbung des Widerrufsrechts f\u00fchrt zu einer R\u00fcckabwicklung des Vertrages. Der Kunde muss die Waren innert 10 Kalendertagen originalverpackt, komplett mit allem Zubeh\u00f6r und zusammen mit dem Lieferschein an die von langone.ch angegebene R\u00fccksendeadresse im Impressum zur\u00fccksenden. R\u00fccksendungen an langone.ch erfolgen auf Rechnung und Gefahr des Kunden. Eine allenfalls bereits geleistete Zahlung wird innerhalb von 20 Kalendertagen an den Kunden zur\u00fcckerstattet, sofern langone.ch die Ware bereits zur\u00fcckerhalten hat oder der Kunde einen Versandnachweis erbringen kann.<\/span><\/p>\n<p><span style=\"font-family: helvetica, arial, sans-serif; font-size: 10pt;\">langone.ch beh\u00e4lt sich vor, f\u00fcr Besch\u00e4digungen, \u00fcberm\u00e4ssige Abnutzung oder Wertverlust aufgrund unsachgem\u00e4ssem Umgang angemessenen Entsch\u00e4digung zu verlangen und die Wertminderung vom bereits bezahlten Kaufpreis abzuziehen oder dem Kunden in Rechnung zu stellen.<\/span><\/p>\n<p><span style=\"font-family: helvetica, arial, sans-serif; font-size: 10pt;\">In folgenden F\u00e4llen wird kein Widerrufsrecht gew\u00e4hrt:<\/span><\/p>\n<ul>\n<li><span style=\"font-family: helvetica, arial, sans-serif; font-size: 10pt;\">Wenn der Vertrag ein Zufallselement hat, namentlich weil der Preis Schwankungen unterliegt, auf die der Anbieter keinen Einfluss hat.<\/span><\/li>\n<li><span style=\"font-family: helvetica, arial, sans-serif; font-size: 10pt;\">Wenn der Vertrag eine bewegliche Sache zum Gegenstand hat, die aufgrund ihrer Beschaffenheit nicht f\u00fcr eine R\u00fccksendung geeignet ist oder schnell verderben kann;<\/span><\/li>\n<li><span style=\"font-family: helvetica, arial, sans-serif; font-size: 10pt;\">Wenn der Vertrag eine bewegliche Sache zum Gegenstand hat, die nach Vorgaben des Konsumenten angefertigt wird oder eindeutig auf pers\u00f6nliche Bed\u00fcrfnisse zugeschnitten ist;<\/span><\/li>\n<li><span style=\"font-family: helvetica, arial, sans-serif; font-size: 10pt;\">Wenn der Vertrag digitale Inhalte zum Gegenstand hat und diese Inhalte nicht auf einem festen Datentr\u00e4ger zur Verf\u00fcgung gestellt werden oder wenn der Vertrag von beiden Vertragsparteien sofort vollst\u00e4ndig zu erf\u00fcllen ist;<\/span><\/li>\n<li><span style=\"font-family: helvetica, arial, sans-serif; font-size: 10pt;\">Wenn der Vertrag eine Dienstleistung zum Gegenstand hat und der Vertrag vom Anbieter mit der vorg\u00e4ngigen ausdr\u00fccklichen Zustimmung des Konsumenten vollst\u00e4ndig zu erf\u00fcllen ist, bevor die Widerrufsfrist abgelaufen ist.<\/span><\/li>\n<li><span style=\"font-family: helvetica, arial, sans-serif; font-size: 10pt;\">In den Bereichen Unterbringung, Bef\u00f6rderung, Lieferung von Speisen und Getr\u00e4nken sowie Freizeitgestaltung, wenn sich der Anbieter bei Vertragsabschluss verpflichtet, die Dienstleistungen zu einem bestimmten Zeitpunkt oder innerhalb eines genau angegebenen Zeitraums zu erbringen.<\/span><\/li>\n<\/ul>\n<h1><span style=\"font-family: helvetica, arial, sans-serif; font-size: 12pt;\"><strong>8.\u00a0\u00a0\u00a0\u00a0\u00a0 <\/strong><strong>Gew\u00e4hrleistung<\/strong><\/span><\/h1>\n<p><span style=\"font-family: helvetica, arial, sans-serif; font-size: 10pt;\">langone.ch bem\u00fcht sich, Waren in einwandfreier Qualit\u00e4t zu liefern. Es wird keine Garantie gew\u00e4hrt.<\/span><\/p>\n<p><span style=\"font-family: helvetica, arial, sans-serif; font-size: 10pt;\">Von der Gew\u00e4hrleistungen werden die normale Abn\u00fctzung sowie die Folgen unsachgem\u00e4sser Behandlung oder Besch\u00e4digung durch den Kunden oder Drittpersonen sowie M\u00e4ngel, die auf \u00e4ussere Umst\u00e4nde zur\u00fcckzuf\u00fchren sind, nicht erfasst. Ebenso wird die Gew\u00e4hrleistung f\u00fcr Verbrauchs- und Verschleissteile (z.B. Batterien, Akkus, etc.) wegbedungen.<\/span><\/p>\n<p><span style=\"font-family: helvetica, arial, sans-serif; font-size: 10pt;\">langone.ch ist es nicht m\u00f6glich, Zusicherungen oder Garantien f\u00fcr die Aktualit\u00e4t, Vollst\u00e4ndigkeit und Korrektheit der Daten sowie f\u00fcr die st\u00e4ndige oder ungest\u00f6rte Verf\u00fcgbarkeit der Webseite, deren Funktionalit\u00e4ten, integrierten Hyperlinks und weiteren Inhalten abzugeben. Insbesondere wird weder zugesichert, noch garantiert, dass durch die Nutzung der Webseite keine Rechte von Dritten verletzt werden, die nicht im Besitz von langone.ch sind.<\/span><\/p>\n<h1><span style=\"font-family: helvetica, arial, sans-serif; font-size: 12pt;\"><strong>9.\u00a0\u00a0\u00a0\u00a0\u00a0 <\/strong><strong>Haftung<\/strong><\/span><\/h1>\n<p><span style=\"font-family: helvetica, arial, sans-serif; font-size: 10pt;\">langone.ch schliesst jede Haftung, unabh\u00e4ngig von ihrem Rechtsgrund, sowie Schadenersatzanspr\u00fcche gegen langone.ch und allf\u00e4llige Hilfspersonen und Erf\u00fcllungsgehilfen aus. langone.ch haftet insbesondere nicht f\u00fcr indirekte Sch\u00e4den und Mangelfolgesch\u00e4den, entgangenen Gewinn oder sonstige Personen-, Sach- und reine Verm\u00f6genssch\u00e4den des Kunden. Vorbehalten bleibt eine weitergehende zwingende gesetzliche Haftung, beispielsweise f\u00fcr grobe Fahrl\u00e4ssigkeit oder rechtswidrige Absicht.<\/span><\/p>\n<p><span style=\"font-family: helvetica, arial, sans-serif; font-size: 10pt;\">langone.ch benutzt Hyperlinks lediglich f\u00fcr den vereinfachten Zugang des Kunden zu anderen Webangeboten. langone.ch kann weder den Inhalt dieser Webangebote im Einzelnen kennen, noch die Haftung oder sonstige Verantwortung f\u00fcr die Inhalte dieser Webseiten \u00fcbernehmen.<\/span><\/p>\n<h1><span style=\"font-family: helvetica, arial, sans-serif; font-size: 12pt;\">10.\u00a0\u00a0 Datenschutz<\/span><\/h1>\n<p><span style=\"font-family: helvetica, arial, sans-serif; font-size: 10pt;\">langone.ch darf die im Rahmen des Vertragsschlusses aufgenommenen Daten zur Erf\u00fcllung der Verpflichtungen aus dem Kaufvertrag verarbeiten und nutzen sowie zu Marketingzwecken verwenden. Die zur Leistungserf\u00fcllung notwendigen Daten k\u00f6nnen auch an beauftrage Dienstleistungspartner (Logistikpartner) oder sonstigen Dritten weitergegeben werden.<\/span><\/p>\n<p><span style=\"font-family: helvetica, arial, sans-serif; font-size: 10pt;\">Die Daten werden nicht f\u00fcr Werbezwecke weitergegeben.<\/span><\/p>\n<h1><span style=\"font-family: helvetica, arial, sans-serif; font-size: 12pt;\">11.\u00a0\u00a0 Weitere Bestimmungen<\/span><\/h1>\n<p><span style=\"font-family: helvetica, arial, sans-serif; font-size: 10pt;\">langone.ch beh\u00e4lt sich ausdr\u00fccklich vor, die vorliegenden AGB jederzeit zu \u00e4ndern und ohne Ank\u00fcndigung in Kraft zu setzen.<\/span><\/p>\n<p><span style=\"font-family: helvetica, arial, sans-serif; font-size: 10pt;\">Im Falle von Streitigkeiten kommt ausschliesslich materielles Schweizer Recht unter Ausschluss von kollisionsrechtlichen Normen zur Anwendung. Das UN-Kaufrecht (CISG, Wiener Kaufrecht) wird explizit ausgeschlossen.<\/span><\/p>\n<p><span style=\"font-family: helvetica, arial, sans-serif; font-size: 10pt;\">Der <strong>Gerichtsstand ist Bremgarten AG<\/strong>, soweit das Gesetz keine zwingenden Gerichtsst\u00e4nde vorsieht.<\/span><\/p>\n<h1><span style=\"font-family: helvetica, arial, sans-serif; font-size: 12pt;\">12.\u00a0\u00a0 Kontakt<\/span><\/h1>\n<p><span style=\"font-family: helvetica, arial, sans-serif; font-size: 10pt;\">Bei Fragen zu diesen AGB bitte melden bei: siehe Impressum<\/span><\/p>\n<p>&nbsp;<\/p>\n<p><span style=\"font-family: helvetica, arial, sans-serif; font-size: 10pt;\">Version 1, 20. Juni 2017<\/span><\/p>\n","protected":false},"excerpt":{"rendered":"<p>Allgemeine Gesch\u00e4ftsbedingungen (AGB) von langone.ch 1.\u00a0\u00a0\u00a0\u00a0\u00a0 Geltungsbereich F\u00fcr die Nutzung dieser Webseite sowie die Gesch\u00e4ftsbeziehungen zwischen langone.ch, Bettwilerstrasse 18, 5614 Sarmenstorf und ihren Kunden gelten die nachfolgenden Allgemeinen Gesch\u00e4ftsbedingungen (AGB) in der bei Aufruf der Webseite bzw. bei Warenbestellung aktuell abrufbaren und g\u00fcltigen Fassung. Das Angebot auf dieser Webseite richtet sich ausschliesslich an Kunden mit &hellip; <a href=\"http:\/\/www.langone.ch\/index.php\/agb\/\" class=\"more-link\"><span class=\"screen-reader-text\">\u201eAGB\u201c<\/span> weiterlesen<\/a><\/p>\n","protected":false},"author":1,"featured_media":0,"parent":0,"menu_order":0,"comment_status":"closed","ping_status":"closed","template":"","meta":{"footnotes":""},"class_list":["post-175","page","type-page","status-publish","hentry"],"_links":{"self":[{"href":"http:\/\/www.langone.ch\/index.php\/wp-json\/wp\/v2\/pages\/175","targetHints":{"allow":["GET"]}}],"collection":[{"href":"http:\/\/www.langone.ch\/index.php\/wp-json\/wp\/v2\/pages"}],"about":[{"href":"http:\/\/www.langone.ch\/index.php\/wp-json\/wp\/v2\/types\/page"}],"author":[{"embeddable":true,"href":"http:\/\/www.langone.ch\/index.php\/wp-json\/wp\/v2\/users\/1"}],"replies":[{"embeddable":true,"href":"http:\/\/www.langone.ch\/index.php\/wp-json\/wp\/v2\/comments?post=175"}],"version-history":[{"count":3,"href":"http:\/\/www.langone.ch\/index.php\/wp-json\/wp\/v2\/pages\/175\/revisions"}],"predecessor-version":[{"id":222,"href":"http:\/\/www.langone.ch\/index.php\/wp-json\/wp\/v2\/pages\/175\/revisions\/222"}],"wp:attachment":[{"href":"http:\/\/www.langone.ch\/index.php\/wp-json\/wp\/v2\/media?parent=175"}],"curies":[{"name":"wp","href":"https:\/\/api.w.org\/{rel}","templated":true}]}}