{"id":462,"date":"2018-11-10T12:23:36","date_gmt":"2018-11-10T11:23:36","guid":{"rendered":"http:\/\/www.langone.ch\/?page_id=462"},"modified":"2018-11-10T12:25:20","modified_gmt":"2018-11-10T11:25:20","slug":"gutscheine-herzalp","status":"publish","type":"page","link":"http:\/\/www.langone.ch\/index.php\/gutscheine-herzalp\/","title":{"rendered":"Gutscheine Herzalp"},"content":{"rendered":"<p style=\"text-align: center;\"><span style=\"font-family: helvetica, arial, sans-serif;\">Dieses Jahr k\u00f6nnt Ihr Geschenk-Gutscheine f\u00fcr den Gl\u00fchwein-Treff in Sarmenstorf beziehen.<br \/>\n<\/span><span style=\"font-family: helvetica, arial, sans-serif;\">Meldet Euch bei uns, wenn Interesse besteht.<\/span><\/p>\n<p><img loading=\"lazy\" decoding=\"async\" class=\"wp-image-463 size-medium aligncenter\" src=\"http:\/\/www.langone.ch\/wp-content\/uploads\/2018\/11\/Gutschein2_Rand-409x300.jpg\" alt=\"\" width=\"409\" height=\"300\" srcset=\"http:\/\/www.langone.ch\/wp-content\/uploads\/2018\/11\/Gutschein2_Rand-409x300.jpg 409w, http:\/\/www.langone.ch\/wp-content\/uploads\/2018\/11\/Gutschein2_Rand-768x563.jpg 768w, http:\/\/www.langone.ch\/wp-content\/uploads\/2018\/11\/Gutschein2_Rand-400x293.jpg 400w, http:\/\/www.langone.ch\/wp-content\/uploads\/2018\/11\/Gutschein2_Rand.jpg 886w\" sizes=\"auto, (max-width: 409px) 85vw, 409px\" \/><\/p>\n","protected":false},"excerpt":{"rendered":"<p>Dieses Jahr k\u00f6nnt Ihr Geschenk-Gutscheine f\u00fcr den Gl\u00fchwein-Treff in Sarmenstorf beziehen. Meldet Euch bei uns, wenn Interesse besteht.<\/p>\n","protected":false},"author":1,"featured_media":0,"parent":0,"menu_order":0,"comment_status":"closed","ping_status":"closed","template":"","meta":{"footnotes":""},"class_list":["post-462","page","type-page","status-publish","hentry"],"_links":{"self":[{"href":"http:\/\/www.langone.ch\/index.php\/wp-json\/wp\/v2\/pages\/462","targetHints":{"allow":["GET"]}}],"collection":[{"href":"http:\/\/www.langone.ch\/index.php\/wp-json\/wp\/v2\/pages"}],"about":[{"href":"http:\/\/www.langone.ch\/index.php\/wp-json\/wp\/v2\/types\/page"}],"author":[{"embeddable":true,"href":"http:\/\/www.langone.ch\/index.php\/wp-json\/wp\/v2\/users\/1"}],"replies":[{"embeddable":true,"href":"http:\/\/www.langone.ch\/index.php\/wp-json\/wp\/v2\/comments?post=462"}],"version-history":[{"count":2,"href":"http:\/\/www.langone.ch\/index.php\/wp-json\/wp\/v2\/pages\/462\/revisions"}],"predecessor-version":[{"id":466,"href":"http:\/\/www.langone.ch\/index.php\/wp-json\/wp\/v2\/pages\/462\/revisions\/466"}],"wp:attachment":[{"href":"http:\/\/www.langone.ch\/index.php\/wp-json\/wp\/v2\/media?parent=462"}],"curies":[{"name":"wp","href":"https:\/\/api.w.org\/{rel}","templated":true}]}}